{"id":43,"date":"2021-05-18T11:24:40","date_gmt":"2021-05-18T09:24:40","guid":{"rendered":"http:\/\/claire-cattant.net\/?page_id=43"},"modified":"2021-05-21T22:39:27","modified_gmt":"2021-05-21T20:39:27","slug":"les-des-alchimiques","status":"publish","type":"page","link":"https:\/\/claire-cattant.net\/index.php\/les-des-alchimiques\/","title":{"rendered":"les d\u00e9s alchimiques"},"content":{"rendered":"\n<p>Le livre est vendu avec un set de deux d\u00e9s en c\u00e9ramique reconstitu\u00e9e cr\u00e9\u00e9s par Jo\u00ebl Gaud\u00e9; ils sont grav\u00e9s des  symboles expos\u00e9s dans le livre ; (prix de vente =<a href=\"https:\/\/jeux-et-des-medievaux.fr\/index.php?id_product=73&amp;controller=product\"> livre et d\u00e9s compris<\/a>)<\/p>\n\n\n\n<div class=\"wp-block-jetpack-tiled-gallery aligncenter is-style-rectangular\"><div class=\"tiled-gallery__gallery\"><div class=\"tiled-gallery__row\"><div class=\"tiled-gallery__col\" style=\"flex-basis:24.17761%\"><figure class=\"tiled-gallery__item\"><img decoding=\"async\" srcset=\"https:\/\/i0.wp.com\/claire-cattant.net\/wp-content\/uploads\/2021\/05\/30-mai-Les-des-alchi-open-eoffice-s20-copie223_Page_1-Copie.bmp?strip=info&#038;w=600 600w,https:\/\/i0.wp.com\/claire-cattant.net\/wp-content\/uploads\/2021\/05\/30-mai-Les-des-alchi-open-eoffice-s20-copie223_Page_1-Copie.bmp?strip=info&#038;w=823 823w\" alt=\"\" data-height=\"1257\" data-id=\"179\" data-link=\"http:\/\/claire-cattant.net\/index.php\/les-des-alchimiques\/30-mai-les-des-alchi-open-eoffice-s20-copie223_page_1-copie\/\" data-url=\"http:\/\/claire-cattant.net\/wp-content\/uploads\/2021\/05\/30-mai-Les-des-alchi-open-eoffice-s20-copie223_Page_1-Copie.bmp\" data-width=\"823\" src=\"https:\/\/i0.wp.com\/claire-cattant.net\/wp-content\/uploads\/2021\/05\/30-mai-Les-des-alchi-open-eoffice-s20-copie223_Page_1-Copie.bmp\" data-amp-layout=\"responsive\"\/><\/figure><\/div><div class=\"tiled-gallery__col\" style=\"flex-basis:23.20206%\"><figure class=\"tiled-gallery__item\"><img decoding=\"async\" srcset=\"https:\/\/i0.wp.com\/claire-cattant.net\/wp-content\/uploads\/2021\/05\/30-mai-Les-des-alchi-open-eoffice-s20-copie223_Page_1.bmp?strip=info&#038;w=600 600w,https:\/\/i0.wp.com\/claire-cattant.net\/wp-content\/uploads\/2021\/05\/30-mai-Les-des-alchi-open-eoffice-s20-copie223_Page_1.bmp?strip=info&#038;w=794 794w\" alt=\"\" data-height=\"1264\" data-id=\"181\" data-link=\"http:\/\/claire-cattant.net\/index.php\/les-des-alchimiques\/30-mai-les-des-alchi-open-eoffice-s20-copie223_page_1\/\" data-url=\"http:\/\/claire-cattant.net\/wp-content\/uploads\/2021\/05\/30-mai-Les-des-alchi-open-eoffice-s20-copie223_Page_1.bmp\" data-width=\"794\" src=\"https:\/\/i0.wp.com\/claire-cattant.net\/wp-content\/uploads\/2021\/05\/30-mai-Les-des-alchi-open-eoffice-s20-copie223_Page_1.bmp\" data-amp-layout=\"responsive\"\/><\/figure><\/div><div class=\"tiled-gallery__col\" style=\"flex-basis:52.62033%\"><figure class=\"tiled-gallery__item\"><img decoding=\"async\" srcset=\"https:\/\/i2.wp.com\/claire-cattant.net\/wp-content\/uploads\/2021\/05\/Sans-titre-1-desaabcdefg-scaled.jpg?strip=info&#038;w=600 600w,https:\/\/i2.wp.com\/claire-cattant.net\/wp-content\/uploads\/2021\/05\/Sans-titre-1-desaabcdefg-scaled.jpg?strip=info&#038;w=900 900w,https:\/\/i2.wp.com\/claire-cattant.net\/wp-content\/uploads\/2021\/05\/Sans-titre-1-desaabcdefg-scaled.jpg?strip=info&#038;w=1200 1200w,https:\/\/i2.wp.com\/claire-cattant.net\/wp-content\/uploads\/2021\/05\/Sans-titre-1-desaabcdefg-scaled.jpg?strip=info&#038;w=1500 1500w,https:\/\/i2.wp.com\/claire-cattant.net\/wp-content\/uploads\/2021\/05\/Sans-titre-1-desaabcdefg-scaled.jpg?strip=info&#038;w=1800 1800w,https:\/\/i2.wp.com\/claire-cattant.net\/wp-content\/uploads\/2021\/05\/Sans-titre-1-desaabcdefg-scaled.jpg?strip=info&#038;w=2000 2000w\" alt=\"\" data-height=\"1791\" data-id=\"183\" data-link=\"http:\/\/claire-cattant.net\/index.php\/les-des-alchimiques\/sans-titre-1-desaabcdefg\/\" data-url=\"http:\/\/claire-cattant.net\/wp-content\/uploads\/2021\/05\/Sans-titre-1-desaabcdefg-scaled.jpg\" data-width=\"2560\" src=\"https:\/\/i2.wp.com\/claire-cattant.net\/wp-content\/uploads\/2021\/05\/Sans-titre-1-desaabcdefg-scaled.jpg\" data-amp-layout=\"responsive\"\/><\/figure><\/div><\/div><\/div><\/div>\n\n\n\n<p>Pour davantage de d\u00e9tails  sur les th\u00e8mes trait\u00e9s dans le livre, vous pouvez aller sur le site des<a href=\"https:\/\/jeux-et-des-medievaux.fr\/index.php?id_product=73&amp;controller=product\"> Jeux et d\u00e9s M\u00e9di\u00e9vaux<\/a>  (suivez la d\u00e9roulante \u00e0 gauche du descriptif)<\/p>\n","protected":false},"excerpt":{"rendered":"<p>Le livre est vendu avec un set de deux d\u00e9s en c\u00e9ramique reconstitu\u00e9e cr\u00e9\u00e9s par Jo\u00ebl Gaud\u00e9; ils sont grav\u00e9s des symboles expos\u00e9s dans le livre ; (prix de vente = livre et d\u00e9s compris) Pour davantage de d\u00e9tails sur les th\u00e8mes trait\u00e9s dans le livre, vous pouvez aller sur le site des Jeux et &hellip; <\/p>\n<p class=\"link-more\"><a href=\"https:\/\/claire-cattant.net\/index.php\/les-des-alchimiques\/\" class=\"more-link\">Continuer la lecture<span class=\"screen-reader-text\"> de &laquo;&nbsp;les d\u00e9s alchimiques&nbsp;&raquo;<\/span><\/a><\/p>\n","protected":false},"author":1,"featured_media":0,"parent":0,"menu_order":0,"comment_status":"closed","ping_status":"closed","template":"","meta":{"footnotes":""},"class_list":["post-43","page","type-page","status-publish","hentry"],"colors":{"color":"746d66","contrast":"255,255,255","custom":false},"jetpack_sharing_enabled":true,"_links":{"self":[{"href":"https:\/\/claire-cattant.net\/index.php\/wp-json\/wp\/v2\/pages\/43","targetHints":{"allow":["GET"]}}],"collection":[{"href":"https:\/\/claire-cattant.net\/index.php\/wp-json\/wp\/v2\/pages"}],"about":[{"href":"https:\/\/claire-cattant.net\/index.php\/wp-json\/wp\/v2\/types\/page"}],"author":[{"embeddable":true,"href":"https:\/\/claire-cattant.net\/index.php\/wp-json\/wp\/v2\/users\/1"}],"replies":[{"embeddable":true,"href":"https:\/\/claire-cattant.net\/index.php\/wp-json\/wp\/v2\/comments?post=43"}],"version-history":[{"count":0,"href":"https:\/\/claire-cattant.net\/index.php\/wp-json\/wp\/v2\/pages\/43\/revisions"}],"wp:attachment":[{"href":"https:\/\/claire-cattant.net\/index.php\/wp-json\/wp\/v2\/media?parent=43"}],"curies":[{"name":"wp","href":"https:\/\/api.w.org\/{rel}","templated":true}]}}