{"id":45,"date":"2021-05-18T11:26:35","date_gmt":"2021-05-18T09:26:35","guid":{"rendered":"http:\/\/claire-cattant.net\/?page_id=45"},"modified":"2026-04-28T10:33:56","modified_gmt":"2026-04-28T08:33:56","slug":"sorcieres-fees-sortileges-au-moyen-age","status":"publish","type":"page","link":"https:\/\/claire-cattant.net\/index.php\/sorcieres-fees-sortileges-au-moyen-age\/","title":{"rendered":"Sorci\u00e8res, F\u00e9es, Sortil\u00e8ges au moyen-\u00e2ge"},"content":{"rendered":"\n<p>Vous pourrez acheter ce livre  sur la librairie des<a href=\"https:\/\/jeux-et-des-medievaux.fr\/index.php?id_product=67&amp;controller=product\"> Jeux et d\u00e9s M\u00e9di\u00e9vaux <\/a> <\/p>\n\n\n\n<figure class=\"wp-block-image size-large is-resized\"><img loading=\"lazy\" decoding=\"async\" width=\"683\" height=\"1024\" src=\"https:\/\/claire-cattant.net\/wp-content\/uploads\/2026\/04\/couverture-B-1-scaled-1-683x1024.jpg\" alt=\"\" class=\"wp-image-7161\" style=\"width:744px;height:1117px\" srcset=\"https:\/\/claire-cattant.net\/wp-content\/uploads\/2026\/04\/couverture-B-1-scaled-1-683x1024.jpg 683w, https:\/\/claire-cattant.net\/wp-content\/uploads\/2026\/04\/couverture-B-1-scaled-1-200x300.jpg 200w, https:\/\/claire-cattant.net\/wp-content\/uploads\/2026\/04\/couverture-B-1-scaled-1-768x1151.jpg 768w, https:\/\/claire-cattant.net\/wp-content\/uploads\/2026\/04\/couverture-B-1-scaled-1-1025x1536.jpg 1025w, https:\/\/claire-cattant.net\/wp-content\/uploads\/2026\/04\/couverture-B-1-scaled-1.jpg 1139w\" sizes=\"auto, (max-width: 683px) 100vw, 683px\" \/><\/figure>\n\n\n\n<div class=\"wp-block-jetpack-tiled-gallery aligncenter is-style-rectangular\"><div class=\"\"><div class=\"tiled-gallery__gallery\"><div class=\"tiled-gallery__row\"><div class=\"tiled-gallery__col\" style=\"flex-basis:50.01704%\"><figure class=\"tiled-gallery__item\"><img decoding=\"async\" srcset=\"https:\/\/i0.wp.com\/claire-cattant.net\/wp-content\/uploads\/2026\/04\/couverture-B-1-scaled-2-683x1024.jpg?strip=info&#038;w=600&#038;ssl=1 600w,https:\/\/i0.wp.com\/claire-cattant.net\/wp-content\/uploads\/2026\/04\/couverture-B-1-scaled-2-683x1024.jpg?strip=info&#038;w=900&#038;ssl=1 900w,https:\/\/i0.wp.com\/claire-cattant.net\/wp-content\/uploads\/2026\/04\/couverture-B-1-scaled-2-683x1024.jpg?strip=info&#038;w=1139&#038;ssl=1 1139w\" alt=\"\" data-height=\"1707\" data-id=\"7163\" data-link=\"https:\/\/claire-cattant.net\/index.php\/sorcieres-fees-sortileges-au-moyen-age\/couverture-b-1-scaled-2\/\" data-url=\"https:\/\/claire-cattant.net\/wp-content\/uploads\/2026\/04\/couverture-B-1-scaled-2-683x1024.jpg\" data-width=\"1139\" src=\"https:\/\/i0.wp.com\/claire-cattant.net\/wp-content\/uploads\/2026\/04\/couverture-B-1-scaled-2-683x1024.jpg?ssl=1\" data-amp-layout=\"responsive\"\/><\/figure><\/div><div class=\"tiled-gallery__col\" style=\"flex-basis:49.98296%\"><figure class=\"tiled-gallery__item\"><img decoding=\"async\" srcset=\"https:\/\/i0.wp.com\/claire-cattant.net\/wp-content\/uploads\/2026\/04\/arbre-16za-pt-facebook-3-marsabcdef-copieabcde-j-avec-copy-copie-scaled-1-683x1024.jpg?strip=info&#038;w=600&#038;ssl=1 600w,https:\/\/i0.wp.com\/claire-cattant.net\/wp-content\/uploads\/2026\/04\/arbre-16za-pt-facebook-3-marsabcdef-copieabcde-j-avec-copy-copie-scaled-1-683x1024.jpg?strip=info&#038;w=900&#038;ssl=1 900w,https:\/\/i0.wp.com\/claire-cattant.net\/wp-content\/uploads\/2026\/04\/arbre-16za-pt-facebook-3-marsabcdef-copieabcde-j-avec-copy-copie-scaled-1-683x1024.jpg?strip=info&#038;w=1200&#038;ssl=1 1200w,https:\/\/i0.wp.com\/claire-cattant.net\/wp-content\/uploads\/2026\/04\/arbre-16za-pt-facebook-3-marsabcdef-copieabcde-j-avec-copy-copie-scaled-1-683x1024.jpg?strip=info&#038;w=1500&#038;ssl=1 1500w,https:\/\/i0.wp.com\/claire-cattant.net\/wp-content\/uploads\/2026\/04\/arbre-16za-pt-facebook-3-marsabcdef-copieabcde-j-avec-copy-copie-scaled-1-683x1024.jpg?strip=info&#038;w=1707&#038;ssl=1 1707w\" alt=\"\" data-height=\"2560\" data-id=\"7164\" data-link=\"https:\/\/claire-cattant.net\/index.php\/sorcieres-fees-sortileges-au-moyen-age\/arbre-16za-pt-facebook-3-marsabcdef-copieabcde-j-avec-copy-copie-scaled\/\" data-url=\"https:\/\/claire-cattant.net\/wp-content\/uploads\/2026\/04\/arbre-16za-pt-facebook-3-marsabcdef-copieabcde-j-avec-copy-copie-scaled-1-683x1024.jpg\" data-width=\"1707\" src=\"https:\/\/i0.wp.com\/claire-cattant.net\/wp-content\/uploads\/2026\/04\/arbre-16za-pt-facebook-3-marsabcdef-copieabcde-j-avec-copy-copie-scaled-1-683x1024.jpg?ssl=1\" data-amp-layout=\"responsive\"\/><\/figure><\/div><\/div><\/div><\/div><\/div>\n","protected":false},"excerpt":{"rendered":"<p>Vous pourrez acheter ce livre sur la librairie des Jeux et d\u00e9s M\u00e9di\u00e9vaux<\/p>\n","protected":false},"author":1,"featured_media":0,"parent":0,"menu_order":0,"comment_status":"closed","ping_status":"closed","template":"","meta":{"footnotes":""},"class_list":["post-45","page","type-page","status-publish","hentry"],"colors":{"color":"c6ccc8","contrast":"0,0,0","custom":false},"jetpack_sharing_enabled":true,"_links":{"self":[{"href":"https:\/\/claire-cattant.net\/index.php\/wp-json\/wp\/v2\/pages\/45","targetHints":{"allow":["GET"]}}],"collection":[{"href":"https:\/\/claire-cattant.net\/index.php\/wp-json\/wp\/v2\/pages"}],"about":[{"href":"https:\/\/claire-cattant.net\/index.php\/wp-json\/wp\/v2\/types\/page"}],"author":[{"embeddable":true,"href":"https:\/\/claire-cattant.net\/index.php\/wp-json\/wp\/v2\/users\/1"}],"replies":[{"embeddable":true,"href":"https:\/\/claire-cattant.net\/index.php\/wp-json\/wp\/v2\/comments?post=45"}],"version-history":[{"count":2,"href":"https:\/\/claire-cattant.net\/index.php\/wp-json\/wp\/v2\/pages\/45\/revisions"}],"predecessor-version":[{"id":7165,"href":"https:\/\/claire-cattant.net\/index.php\/wp-json\/wp\/v2\/pages\/45\/revisions\/7165"}],"wp:attachment":[{"href":"https:\/\/claire-cattant.net\/index.php\/wp-json\/wp\/v2\/media?parent=45"}],"curies":[{"name":"wp","href":"https:\/\/api.w.org\/{rel}","templated":true}]}}