{"id":49,"date":"2021-05-18T11:28:47","date_gmt":"2021-05-18T09:28:47","guid":{"rendered":"http:\/\/claire-cattant.net\/?page_id=49"},"modified":"2021-06-12T23:20:56","modified_gmt":"2021-06-12T21:20:56","slug":"romans","status":"publish","type":"page","link":"https:\/\/claire-cattant.net\/index.php\/romans\/","title":{"rendered":"Fiction-R\u00e9cits-"},"content":{"rendered":"\n<p class=\"has-text-align-center\"> **************<strong><span class=\"has-inline-color has-vivid-cyan-blue-color\">Livres num\u00e9riques<\/span><\/strong>*************<\/p>\n\n\n\n<div class=\"wp-block-image\"><figure class=\"aligncenter is-resized\"><img loading=\"lazy\" decoding=\"async\" src=\"http:\/\/claire-cattant.net\/wp-content\/uploads\/2021\/05\/couverture-publiee-souvenir-de-jour-ill-claire-cattant-20-sept-5-Copie.jpg\" alt=\"\" width=\"280\" height=\"412\"\/><\/figure><\/div>\n\n\n\n<p class=\"has-text-align-center\"><a href=\"https:\/\/www.amazon.fr\/Souvenir-Jour-Pages-Rondes-t-ebook\/dp\/B00EZB76CK\/ref=sr_1_3?__mk_fr_FR=%C3%85M%C3%85%C5%BD%C3%95%C3%91&amp;dchild=1&amp;keywords=claire+cattant&amp;qid=1621624528&amp;sr=8-3\"> Les premi\u00e8res pages<\/a>  du livre<\/p>\n\n\n\n<div class=\"wp-block-image\"><figure class=\"aligncenter size-large is-resized\"><img loading=\"lazy\" decoding=\"async\" src=\"http:\/\/claire-cattant.net\/wp-content\/uploads\/2021\/05\/couverture-publiee-Plis-de-Pluie-C.Cattant.-C.C.ed_.-1ere-de-couverture-ill.CROP-1700-brush-Copie.jpg\" alt=\"\" class=\"wp-image-197\" width=\"229\" height=\"327\" srcset=\"https:\/\/claire-cattant.net\/wp-content\/uploads\/2021\/05\/couverture-publiee-Plis-de-Pluie-C.Cattant.-C.C.ed_.-1ere-de-couverture-ill.CROP-1700-brush-Copie.jpg 1700w, https:\/\/claire-cattant.net\/wp-content\/uploads\/2021\/05\/couverture-publiee-Plis-de-Pluie-C.Cattant.-C.C.ed_.-1ere-de-couverture-ill.CROP-1700-brush-Copie-210x300.jpg 210w, https:\/\/claire-cattant.net\/wp-content\/uploads\/2021\/05\/couverture-publiee-Plis-de-Pluie-C.Cattant.-C.C.ed_.-1ere-de-couverture-ill.CROP-1700-brush-Copie-717x1024.jpg 717w, https:\/\/claire-cattant.net\/wp-content\/uploads\/2021\/05\/couverture-publiee-Plis-de-Pluie-C.Cattant.-C.C.ed_.-1ere-de-couverture-ill.CROP-1700-brush-Copie-768x1096.jpg 768w, https:\/\/claire-cattant.net\/wp-content\/uploads\/2021\/05\/couverture-publiee-Plis-de-Pluie-C.Cattant.-C.C.ed_.-1ere-de-couverture-ill.CROP-1700-brush-Copie-1076x1536.jpg 1076w, https:\/\/claire-cattant.net\/wp-content\/uploads\/2021\/05\/couverture-publiee-Plis-de-Pluie-C.Cattant.-C.C.ed_.-1ere-de-couverture-ill.CROP-1700-brush-Copie-1435x2048.jpg 1435w\" sizes=\"auto, (max-width: 229px) 100vw, 229px\" \/><\/figure><\/div>\n\n\n\n<p class=\"has-text-align-center\">Vous pouvez feuilleter les premi\u00e8res pages<a href=\"https:\/\/www.amazon.fr\/Plis-Pluie-Claire-Cattant-ebook\/dp\/B00HM7ILBY\/ref=sr_1_1?__mk_fr_FR=%C3%85M%C3%85%C5%BD%C3%95%C3%91&amp;dchild=1&amp;keywords=claire+cattant&amp;qid=1621624330&amp;sr=8-1\"> ici<\/a><\/p>\n","protected":false},"excerpt":{"rendered":"<p>**************Livres num\u00e9riques************* Les premi\u00e8res pages du livre Vous pouvez feuilleter les premi\u00e8res pages ici<\/p>\n","protected":false},"author":1,"featured_media":0,"parent":0,"menu_order":0,"comment_status":"closed","ping_status":"closed","template":"","meta":{"footnotes":""},"class_list":["post-49","page","type-page","status-publish","hentry"],"colors":{"color":"d0b293","contrast":"0,0,0","custom":false},"jetpack_sharing_enabled":true,"_links":{"self":[{"href":"https:\/\/claire-cattant.net\/index.php\/wp-json\/wp\/v2\/pages\/49","targetHints":{"allow":["GET"]}}],"collection":[{"href":"https:\/\/claire-cattant.net\/index.php\/wp-json\/wp\/v2\/pages"}],"about":[{"href":"https:\/\/claire-cattant.net\/index.php\/wp-json\/wp\/v2\/types\/page"}],"author":[{"embeddable":true,"href":"https:\/\/claire-cattant.net\/index.php\/wp-json\/wp\/v2\/users\/1"}],"replies":[{"embeddable":true,"href":"https:\/\/claire-cattant.net\/index.php\/wp-json\/wp\/v2\/comments?post=49"}],"version-history":[{"count":0,"href":"https:\/\/claire-cattant.net\/index.php\/wp-json\/wp\/v2\/pages\/49\/revisions"}],"wp:attachment":[{"href":"https:\/\/claire-cattant.net\/index.php\/wp-json\/wp\/v2\/media?parent=49"}],"curies":[{"name":"wp","href":"https:\/\/api.w.org\/{rel}","templated":true}]}}