{"id":71,"date":"2021-05-18T11:40:57","date_gmt":"2021-05-18T09:40:57","guid":{"rendered":"http:\/\/claire-cattant.net\/?page_id=71"},"modified":"2024-02-23T20:54:25","modified_gmt":"2024-02-23T19:54:25","slug":"jean-cattant-sculpteur","status":"publish","type":"page","link":"https:\/\/claire-cattant.net\/index.php\/jean-cattant-sculpteur\/","title":{"rendered":"Jean Cattant Sculpteur"},"content":{"rendered":"\n<div class=\"wp-block-columns is-layout-flex wp-container-core-columns-is-layout-9d6595d7 wp-block-columns-is-layout-flex\">\n<div class=\"wp-block-column is-layout-flow wp-block-column-is-layout-flow\" style=\"flex-basis:100%\">\n<div class=\"wp-block-columns is-layout-flex wp-container-core-columns-is-layout-9d6595d7 wp-block-columns-is-layout-flex\">\n<div class=\"wp-block-column is-layout-flow wp-block-column-is-layout-flow\" style=\"flex-basis:100%\">\n<p class=\"has-text-align-center\"><a href=\"https:\/\/jeux-et-des-medievaux.fr\/index.php?id_product=144&amp;controller=product\">Une formidable aventure artistique et humaine<\/a><\/p>\n\n\n\n<div class=\"wp-block-jetpack-tiled-gallery aligncenter is-style-rectangular\"><div class=\"tiled-gallery__gallery\"><div class=\"tiled-gallery__row\"><div class=\"tiled-gallery__col\" style=\"flex-basis:50.29832%\"><figure class=\"tiled-gallery__item\"><img decoding=\"async\" srcset=\"https:\/\/i2.wp.com\/claire-cattant.net\/wp-content\/uploads\/2021\/06\/couv-cattant.25-mai-2021.odg_Page_1-pour-site-11juin-2021.bmp?strip=info&#038;w=600&#038;ssl=1 600w,https:\/\/i2.wp.com\/claire-cattant.net\/wp-content\/uploads\/2021\/06\/couv-cattant.25-mai-2021.odg_Page_1-pour-site-11juin-2021.bmp?strip=info&#038;w=900&#038;ssl=1 900w,https:\/\/i2.wp.com\/claire-cattant.net\/wp-content\/uploads\/2021\/06\/couv-cattant.25-mai-2021.odg_Page_1-pour-site-11juin-2021.bmp?strip=info&#038;w=1200&#038;ssl=1 1200w,https:\/\/i2.wp.com\/claire-cattant.net\/wp-content\/uploads\/2021\/06\/couv-cattant.25-mai-2021.odg_Page_1-pour-site-11juin-2021.bmp?strip=info&#038;w=1262&#038;ssl=1 1262w\" alt=\"\" data-height=\"1890\" data-id=\"338\" data-link=\"https:\/\/claire-cattant.net\/index.php\/jean-cattant-sculpteur\/couv-cattant-25-mai-2021-odg_page_1-pour-site-11juin-2021\/\" data-url=\"https:\/\/claire-cattant.net\/wp-content\/uploads\/2021\/06\/couv-cattant.25-mai-2021.odg_Page_1-pour-site-11juin-2021.bmp\" data-width=\"1262\" src=\"https:\/\/i2.wp.com\/claire-cattant.net\/wp-content\/uploads\/2021\/06\/couv-cattant.25-mai-2021.odg_Page_1-pour-site-11juin-2021.bmp?ssl=1\" data-amp-layout=\"responsive\"\/><\/figure><\/div><div class=\"tiled-gallery__col\" style=\"flex-basis:49.70168%\"><figure class=\"tiled-gallery__item\"><img decoding=\"async\" srcset=\"https:\/\/i2.wp.com\/claire-cattant.net\/wp-content\/uploads\/2021\/05\/couv-cattant.13mai-2021B1-Copie_Page_1-Copie-bmp.bmp?strip=info&#038;w=600&#038;ssl=1 600w,https:\/\/i2.wp.com\/claire-cattant.net\/wp-content\/uploads\/2021\/05\/couv-cattant.13mai-2021B1-Copie_Page_1-Copie-bmp.bmp?strip=info&#038;w=900&#038;ssl=1 900w,https:\/\/i2.wp.com\/claire-cattant.net\/wp-content\/uploads\/2021\/05\/couv-cattant.13mai-2021B1-Copie_Page_1-Copie-bmp.bmp?strip=info&#038;w=1200&#038;ssl=1 1200w,https:\/\/i2.wp.com\/claire-cattant.net\/wp-content\/uploads\/2021\/05\/couv-cattant.13mai-2021B1-Copie_Page_1-Copie-bmp.bmp?strip=info&#038;w=1247&#038;ssl=1 1247w\" alt=\"\" data-height=\"1890\" data-id=\"126\" data-link=\"https:\/\/claire-cattant.net\/index.php\/jean-cattant-sculpteur\/couv-cattant-13mai-2021b1-copie_page_1-copie-bmp\/\" data-url=\"https:\/\/claire-cattant.net\/wp-content\/uploads\/2021\/05\/couv-cattant.13mai-2021B1-Copie_Page_1-Copie-bmp.bmp\" data-width=\"1247\" src=\"https:\/\/i2.wp.com\/claire-cattant.net\/wp-content\/uploads\/2021\/05\/couv-cattant.13mai-2021B1-Copie_Page_1-Copie-bmp.bmp?ssl=1\" data-amp-layout=\"responsive\"\/><\/figure><\/div><\/div><\/div><\/div>\n<\/div>\n<\/div>\n<\/div>\n<\/div>\n\n\n<div class=\"wp-block-image is-resized\">\n<figure class=\"aligncenter size-large\"><a href=\"https:\/\/jeux-et-des-medievaux.fr\/index.php?id_product=144&amp;controller=product\"><img loading=\"lazy\" decoding=\"async\" width=\"684\" height=\"1024\" src=\"https:\/\/claire-cattant.net\/wp-content\/uploads\/2021\/06\/couv-cattant.25-mai-2021.odg_Page_1-pour-site-11juin-2021-684x1024.jpg\" alt=\"\" class=\"wp-image-338\" srcset=\"https:\/\/claire-cattant.net\/wp-content\/uploads\/2021\/06\/couv-cattant.25-mai-2021.odg_Page_1-pour-site-11juin-2021-684x1024.jpg 684w, https:\/\/claire-cattant.net\/wp-content\/uploads\/2021\/06\/couv-cattant.25-mai-2021.odg_Page_1-pour-site-11juin-2021-200x300.jpg 200w, https:\/\/claire-cattant.net\/wp-content\/uploads\/2021\/06\/couv-cattant.25-mai-2021.odg_Page_1-pour-site-11juin-2021-768x1150.jpg 768w, https:\/\/claire-cattant.net\/wp-content\/uploads\/2021\/06\/couv-cattant.25-mai-2021.odg_Page_1-pour-site-11juin-2021-1026x1536.jpg 1026w, https:\/\/claire-cattant.net\/wp-content\/uploads\/2021\/06\/couv-cattant.25-mai-2021.odg_Page_1-pour-site-11juin-2021.bmp 1262w\" sizes=\"auto, (max-width: 684px) 100vw, 684px\" \/><\/a><\/figure>\n<\/div>\n\n\n<p class=\"has-text-align-center\"><a href=\"https:\/\/www.babelio.com\/livres\/Cattant-Jean-Cattant-sculpteur\/1337308\">Babelio<\/a><\/p>\n\n\n<div class=\"wp-block-image is-resized\">\n<figure class=\"aligncenter size-full\"><a href=\"https:\/\/www.facebook.com\/JeanCattantSculpteur\"><img loading=\"lazy\" decoding=\"async\" width=\"889\" height=\"231\" src=\"https:\/\/claire-cattant.net\/wp-content\/uploads\/2024\/02\/page-facebook-bio-Jean-Cattant-1.jpg\" alt=\"\" class=\"wp-image-2864\" style=\"aspect-ratio:3.8461538461538463;width:674px;height:auto\" srcset=\"https:\/\/claire-cattant.net\/wp-content\/uploads\/2024\/02\/page-facebook-bio-Jean-Cattant-1.jpg 889w, https:\/\/claire-cattant.net\/wp-content\/uploads\/2024\/02\/page-facebook-bio-Jean-Cattant-1-300x78.jpg 300w, https:\/\/claire-cattant.net\/wp-content\/uploads\/2024\/02\/page-facebook-bio-Jean-Cattant-1-768x200.jpg 768w\" sizes=\"auto, (max-width: 767px) 89vw, (max-width: 1000px) 54vw, (max-width: 1071px) 543px, 580px\" \/><\/a><figcaption class=\"wp-element-caption\">Voici  une page enti\u00e8rement consacr\u00e9e \u00e0 l&rsquo;artiste et \u00e0 son \u0153uvre <\/figcaption><\/figure>\n<\/div>\n\n\n<p><\/p>\n\n\n\n<p><strong>Etudes sur Jean Cattant ;  <\/strong> <\/p>\n\n\n\n<p><strong>Esquelbecq &#8211; Saint Folquin &#8211;<\/strong>    <a href=\"https:\/\/jean-cattant-sculpteur.fr\/esquelbecq\/\">https:\/\/jean-cattant-sculpteur.fr\/esquelbecq\/<\/a><\/p>\n\n\n\n<p><strong>Wisques &#8211; Abbaye Notre-Dame <\/strong>&#8211;  <a href=\"https:\/\/jean-cattant-sculpteur.fr\/wisques\/\">https:\/\/jean-cattant-sculpteur.fr\/wisques\/<\/a><\/p>\n\n\n\n<p class=\"has-text-align-center\">Voici le site pr\u00e9sentant l&rsquo;ensemble des  cr\u00e9ations de Jean Cattant ; <\/p>\n\n\n\n<p class=\"has-text-align-center\"> <a href=\"https:\/\/jean-cattant-sculpteur.fr\/\">https:\/\/jean-cattant-sculpteur.fr\/<\/a><\/p>\n\n\n<div class=\"wp-block-jetpack-contact-form is-layout-flex wp-container-jetpack-contact-form-is-layout-faa3ad1c wp-block-jetpack-contact-form-is-layout-flex\"><a href=\"https:\/\/claire-cattant.net\/index.php\/jean-cattant-sculpteur\/\" target=\"_blank\" rel=\"noopener noreferrer\">Soumettre un formulaire.<\/a><\/div>\n\n\n<p><\/p>\n","protected":false},"excerpt":{"rendered":"<p>Une formidable aventure artistique et humaine Babelio Etudes sur Jean Cattant ; Esquelbecq &#8211; Saint Folquin &#8211; https:\/\/jean-cattant-sculpteur.fr\/esquelbecq\/ Wisques &#8211; Abbaye Notre-Dame &#8211; https:\/\/jean-cattant-sculpteur.fr\/wisques\/ Voici le site pr\u00e9sentant l&rsquo;ensemble des cr\u00e9ations de Jean Cattant ; https:\/\/jean-cattant-sculpteur.fr\/<\/p>\n","protected":false},"author":1,"featured_media":0,"parent":0,"menu_order":0,"comment_status":"closed","ping_status":"closed","template":"","meta":{"footnotes":""},"class_list":["post-71","page","type-page","status-publish","hentry"],"colors":{"color":"d1c2ab","contrast":"0,0,0","custom":false},"jetpack_sharing_enabled":true,"_links":{"self":[{"href":"https:\/\/claire-cattant.net\/index.php\/wp-json\/wp\/v2\/pages\/71","targetHints":{"allow":["GET"]}}],"collection":[{"href":"https:\/\/claire-cattant.net\/index.php\/wp-json\/wp\/v2\/pages"}],"about":[{"href":"https:\/\/claire-cattant.net\/index.php\/wp-json\/wp\/v2\/types\/page"}],"author":[{"embeddable":true,"href":"https:\/\/claire-cattant.net\/index.php\/wp-json\/wp\/v2\/users\/1"}],"replies":[{"embeddable":true,"href":"https:\/\/claire-cattant.net\/index.php\/wp-json\/wp\/v2\/comments?post=71"}],"version-history":[{"count":0,"href":"https:\/\/claire-cattant.net\/index.php\/wp-json\/wp\/v2\/pages\/71\/revisions"}],"wp:attachment":[{"href":"https:\/\/claire-cattant.net\/index.php\/wp-json\/wp\/v2\/media?parent=71"}],"curies":[{"name":"wp","href":"https:\/\/api.w.org\/{rel}","templated":true}]}}